{"id":17,"date":"2010-06-28T15:13:32","date_gmt":"2010-06-28T15:13:32","guid":{"rendered":"http:\/\/localhost\/test\/?page_id=17"},"modified":"2025-10-07T14:56:01","modified_gmt":"2025-10-07T11:56:01","slug":"iletisim","status":"publish","type":"page","link":"https:\/\/www.telorbant.com\/tr\/iletisim\/","title":{"rendered":"\u0130leti\u015fim"},"content":{"rendered":"<p><iframe style=\"border: 0;\" src=\"https:\/\/www.google.com\/maps\/embed?pb=!1m14!1m8!1m3!1d12037.966079860667!2d28.8134785!3d41.0363792!3m2!1i1024!2i768!4f13.1!3m3!1m2!1s0x14caa4ff700ea899%3A0x6d748d6dc155520c!2sTel%C3%B6r%20Bant%20Tel%20%C3%96rme%20San.%20Tic.%20Ltd.%20%C5%9Eti.!5e0!3m2!1str!2str!4v1690768978685!5m2!1str!2str\" width=\"600\" height=\"450\" allowfullscreen=\"allowfullscreen\"><\/iframe><br \/>\n<small><a style=\"color: #0000ff; text-align: left;\" href=\"http:\/\/maps.google.com\/maps?hl=tr&amp;georestrict=input_srcid:26b5064c43c2cd7c&amp;ie=UTF8&amp;view=map&amp;cid=845782644200923501&amp;q=Tel%C3%B6rtbant+Tel+%C3%96rme+San.+Ti.+Ltd.+%C5%9Eti&amp;hq=Tel%C3%B6rtbant+Tel+%C3%96rme+San.+Ti.+Ltd.+%C5%9Eti&amp;hnear=&amp;t=m&amp;vpsrc=0&amp;iwloc=A&amp;ll=41.036384,28.813523&amp;spn=0.006295,0.006295&amp;source=embed\">Daha B\u00fcy\u00fck G\u00f6r\u00fcnt\u00fcle<\/a><\/small><\/p>\n<h2><strong>0212 651 84 60<\/strong><\/h2>\n<p>telorbant@hotmail.com<\/p>\n<p>info@telorbant.com<\/p>\n<p>telorbant@gmail.com<br \/>\n<strong>Evren Mah. G\u00fclbahar Cad. \u015eener Sok. No:5 Kat:1-2<\/strong><\/p>\n","protected":false},"excerpt":{"rendered":"<p>Daha B\u00fcy\u00fck G\u00f6r\u00fcnt\u00fcle 0212 651 84 60 telorbant@hotmail.com info@telorbant.com telorbant@gmail.com Evren Mah. G\u00fclbahar Cad. \u015eener Sok. No:5 Kat:1-2<\/p>\n","protected":false},"author":1,"featured_media":0,"parent":0,"menu_order":0,"comment_status":"open","ping_status":"closed","template":"","meta":{"footnotes":""},"class_list":["post-17","page","type-page","status-publish","hentry"],"_links":{"self":[{"href":"https:\/\/www.telorbant.com\/tr\/wp-json\/wp\/v2\/pages\/17","targetHints":{"allow":["GET"]}}],"collection":[{"href":"https:\/\/www.telorbant.com\/tr\/wp-json\/wp\/v2\/pages"}],"about":[{"href":"https:\/\/www.telorbant.com\/tr\/wp-json\/wp\/v2\/types\/page"}],"author":[{"embeddable":true,"href":"https:\/\/www.telorbant.com\/tr\/wp-json\/wp\/v2\/users\/1"}],"replies":[{"embeddable":true,"href":"https:\/\/www.telorbant.com\/tr\/wp-json\/wp\/v2\/comments?post=17"}],"version-history":[{"count":10,"href":"https:\/\/www.telorbant.com\/tr\/wp-json\/wp\/v2\/pages\/17\/revisions"}],"predecessor-version":[{"id":1522,"href":"https:\/\/www.telorbant.com\/tr\/wp-json\/wp\/v2\/pages\/17\/revisions\/1522"}],"wp:attachment":[{"href":"https:\/\/www.telorbant.com\/tr\/wp-json\/wp\/v2\/media?parent=17"}],"curies":[{"name":"wp","href":"https:\/\/api.w.org\/{rel}","templated":true}]}}