{"id":21,"date":"2010-06-28T15:15:14","date_gmt":"2010-06-28T15:15:14","guid":{"rendered":"http:\/\/localhost\/test\/?page_id=21"},"modified":"2025-10-07T14:57:21","modified_gmt":"2025-10-07T11:57:21","slug":"urunler","status":"publish","type":"page","link":"https:\/\/www.telorbant.com\/tr\/urunler\/","title":{"rendered":"\u00dcr\u00fcnler"},"content":{"rendered":"<p>&nbsp;<\/p>\n<p><!-- horizontal boxes --><\/p>\n<div class=\"horizontal-box\">\n<div class=\"horizontal-image\"><a href=\"https:\/\/www.telorbant.com\/tr\/20lik-tel-bant\/\"><img decoding=\"async\" class=\"alignnone wp-image-260 size-thumbnail lazyload\" src=\"data:image\/gif;base64,R0lGODlhAQABAAAAACH5BAEKAAEALAAAAAABAAEAAAICTAEAOw==\" data-src=\"https:\/\/www.telorbant.com\/tr\/wp-content\/uploads\/2010\/06\/20-L\u0130K-TEL-BANT-150x150.jpg\" alt=\"20 L\u0130K TEL BANT\" width=\"150\" height=\"150\" data-sizes=\"auto\" data-srcset=\"https:\/\/www.telorbant.com\/tr\/wp-content\/uploads\/2010\/06\/20-L\u0130K-TEL-BANT-150x150.jpg 150w, https:\/\/www.telorbant.com\/tr\/wp-content\/uploads\/2010\/06\/20-L\u0130K-TEL-BANT-100x100.jpg 100w\" sizes=\"(max-width: 150px) 100vw, 150px\" \/><\/a><\/div>\n<h2><a href=\"https:\/\/www.telorbant.com\/tr\/20lik-tel-bant\/\">20\u2019L\u0130K TEL BANT<img decoding=\"async\" class=\"size-full wp-image-265 alignright lazyload\" src=\"data:image\/gif;base64,R0lGODlhAQABAAAAACH5BAEKAAEALAAAAAABAAEAAAICTAEAOw==\" data-src=\"https:\/\/www.telorbant.com\/tr\/wp-content\/uploads\/2010\/06\/asa.png\" alt=\"asa\" width=\"35\" height=\"35\" \/><\/a><\/h2>\n<p><b>KOD 131 = SU VE MADEN SUYU MAK\u0130NALARINDA,KEK P\u0130\u015e\u0130RME\u00a0 VE B\u0130R \u00c7OK SEKT\u00d6R KULLANMAKTADIR.<\/b><\/p>\n<div class=\"clear\"><\/div>\n<\/div>\n<div class=\"horizontal-box\">\n<div class=\"horizontal-image\"><a href=\"https:\/\/www.telorbant.com\/tr\/urun\/konveyor-tel-bant-4\/\"><img decoding=\"async\" class=\"alignnone wp-image-262 size-thumbnail lazyload\" src=\"data:image\/gif;base64,R0lGODlhAQABAAAAACH5BAEKAAEALAAAAAABAAEAAAICTAEAOw==\" data-src=\"https:\/\/www.telorbant.com\/tr\/wp-content\/uploads\/2010\/06\/meyv-150x150.png\" alt=\"meyv\" width=\"150\" height=\"150\" data-sizes=\"auto\" data-srcset=\"https:\/\/www.telorbant.com\/tr\/wp-content\/uploads\/2010\/06\/meyv-150x150.png 150w, https:\/\/www.telorbant.com\/tr\/wp-content\/uploads\/2010\/06\/meyv-100x100.png 100w\" sizes=\"(max-width: 150px) 100vw, 150px\" \/><\/a><\/div>\n<h2><a href=\"https:\/\/www.telorbant.com\/tr\/urun\/konveyor-tel-bant-4\/\">A\u011fa\u00e7 Kaplama ve Elyaf Band\u0131<b><b><img decoding=\"async\" class=\"size-full wp-image-265 alignright lazyload\" src=\"data:image\/gif;base64,R0lGODlhAQABAAAAACH5BAEKAAEALAAAAAABAAEAAAICTAEAOw==\" data-src=\"https:\/\/www.telorbant.com\/tr\/wp-content\/uploads\/2010\/06\/asa.png\" alt=\"asa\" width=\"35\" height=\"35\" \/><\/b><\/b><\/a><\/h2>\n<p><b>KOD 105 = ELYAF BANTI KOD 106 = DARG\u00d6Z A\u011eA\u00c7 KAPLAMA BANTI KOD 107 = GEN\u0130\u015e G\u00d6Z A\u011eA\u00c7 KAPLAMA BANTI<\/b><\/p>\n<div class=\"clear\"><\/div>\n<\/div>\n<div class=\"horizontal-box\">\n<div class=\"horizontal-image\"><img loading=\"lazy\" decoding=\"async\" class=\"alignnone size-medium wp-image-99 lazyload\" src=\"data:image\/gif;base64,R0lGODlhAQABAAAAACH5BAEKAAEALAAAAAABAAEAAAICTAEAOw==\" data-src=\"https:\/\/www.telorbant.com\/tr\/wp-content\/themes\/c3\/thumb.php?src=https:\/\/www.telorbant.com\/tr\/wp-content\/uploads\/2013\/02\/SAC-BANTI.jpg&amp;h=325&amp;w=483&amp;zc=1&amp;q=100\" alt=\"20120404133430201871781\" width=\"118\" height=\"101\" \/><\/div>\n<h2><a href=\"https:\/\/www.telorbant.com\/tr\/shop\/\">\u00c7ok Ama\u00e7l\u0131 Sac Band\u0131 <img loading=\"lazy\" decoding=\"async\" class=\"alignright size-full wp-image-265 lazyload\" src=\"data:image\/gif;base64,R0lGODlhAQABAAAAACH5BAEKAAEALAAAAAABAAEAAAICTAEAOw==\" data-src=\"https:\/\/www.telorbant.com\/tr\/wp-content\/uploads\/2010\/06\/asa.png\" alt=\"asa\" width=\"35\" height=\"35\" \/><\/a><\/h2>\n<p><b>9. \u00c7ok Ama\u00e7l\u0131 Sac \u00a0Band\u0131)\u00a0 KOD NO \u00a0\u00a0 \u00a0A mm \u00a0\u00a0 \u00a0B mm \u00a0\u00a0 \u00a0C mm \u00a0\u00a0 \u00a0D mm 127 \u00a0\u00a0 \u00a022mm \u00a0\u00a0 \u00a01.2mm \u00a0\u00a0 \u00a026mm \u00a0\u00a0 \u00a03mm<\/b><\/p>\n<\/div>\n<div class=\"horizontal-box\">\n<div class=\"horizontal-image\"><a href=\"https:\/\/www.telorbant.com\/tr\/urunler\/ikili-pisirme-bandi\/\" rel=\"https:\/\/www.telorbant.com\/tr\/urun\/ikili-pisirme-bandi-konveyor-tel-bant\/\"><img loading=\"lazy\" decoding=\"async\" class=\"alignnone lazyload\" src=\"data:image\/gif;base64,R0lGODlhAQABAAAAACH5BAEKAAEALAAAAAABAAEAAAICTAEAOw==\" data-src=\"https:\/\/www.telorbant.com\/tr\/wp-content\/uploads\/2010\/06\/1q21-150x150.png\" alt=\"1q21\" width=\"150\" height=\"150\" \/><\/a><\/div>\n<h2><a href=\"https:\/\/www.telorbant.com\/tr\/urun\/ikili-pisirme-bandi-konveyor-tel-bant\/\">\u0130kili Pi\u015firme Band\u0131<b><img loading=\"lazy\" decoding=\"async\" class=\"alignright lazyload\" src=\"data:image\/gif;base64,R0lGODlhAQABAAAAACH5BAEKAAEALAAAAAABAAEAAAICTAEAOw==\" data-src=\"https:\/\/www.telorbant.com\/tr\/wp-content\/uploads\/2010\/06\/asa.png\" alt=\"asa\" width=\"35\" height=\"35\" \/><\/b><\/a><\/h2>\n<p>(5. \u0130kili Pi\u015firme Band\u0131 )\u00a0\u00a0\u00a0 KOD NO \u00a0\u00a0 \u00a0A mm \u00a0\u00a0 \u00a0B mm \u00a0\u00a0 \u00a0C mm \u00a0\u00a0 \u00a0D mm 104 \u00a0\u00a0 \u00a05 mm \u00a0\u00a0 \u00a01.2 mm \u00a0\u00a0 \u00a010 mm \u00a0\u00a0 \u00a01.5 mm<\/p>\n<div class=\"clear\"><\/div>\n<\/div>\n<div class=\"horizontal-box\">\n<div class=\"horizontal-image\"><a href=\"https:\/\/www.telorbant.com\/tr\/urunler\/seker-ve-biskuvi-pisirme-bandi\/\" rel=\"https:\/\/www.telorbant.com\/tr\/gida-sektorlerinde\/\"><img loading=\"lazy\" decoding=\"async\" class=\"alignnone lazyload\" src=\"data:image\/gif;base64,R0lGODlhAQABAAAAACH5BAEKAAEALAAAAAABAAEAAAICTAEAOw==\" data-src=\"https:\/\/www.telorbant.com\/tr\/wp-content\/uploads\/2010\/06\/meyvesepeti.-150x150.png\" alt=\"meyvesepeti.\" width=\"150\" height=\"150\" \/><\/a><\/div>\n<h2><a href=\"https:\/\/www.telorbant.com\/tr\/gida-sektorlerinde\/\">\u015eeker ve Bisk\u00fcvi Pi\u015firme Band\u0131<b><img loading=\"lazy\" decoding=\"async\" class=\"alignright lazyload\" src=\"data:image\/gif;base64,R0lGODlhAQABAAAAACH5BAEKAAEALAAAAAABAAEAAAICTAEAOw==\" data-src=\"https:\/\/www.telorbant.com\/tr\/wp-content\/uploads\/2010\/06\/asa.png\" alt=\"asa\" width=\"35\" height=\"35\" \/><\/b><\/a><\/h2>\n<p>Ten years ago a crack commando unit was sent to prison by a military court for a crime they didn&#8217;t commit. These men promptly escaped from a maximum security stockade to the Los Angeles underground lorem ipsum dolor sit amet.<\/p>\n<div class=\"clear\"><\/div>\n<\/div>\n<div class=\"horizontal-box\">\n<div class=\"horizontal-image\"><a href=\"https:\/\/www.telorbant.com\/tr\/urunler\/sogutma-tel-bandi\/\" rel=\"https:\/\/www.telorbant.com\/tr\/?s=&amp;product_cat=sogutma-tel-bandi&amp;post_type=product\"><img loading=\"lazy\" decoding=\"async\" class=\"alignleft wp-image-277 size-thumbnail lazyload\" src=\"data:image\/gif;base64,R0lGODlhAQABAAAAACH5BAEKAAEALAAAAAABAAEAAAICTAEAOw==\" data-src=\"https:\/\/www.telorbant.com\/tr\/wp-content\/uploads\/2010\/06\/meyvesepeti.4-150x150.png\" alt=\"meyvesepeti.4\" width=\"150\" height=\"150\" data-sizes=\"auto\" data-srcset=\"https:\/\/www.telorbant.com\/tr\/wp-content\/uploads\/2010\/06\/meyvesepeti.4-150x150.png 150w, https:\/\/www.telorbant.com\/tr\/wp-content\/uploads\/2010\/06\/meyvesepeti.4-100x100.png 100w\" sizes=\"(max-width: 150px) 100vw, 150px\" \/><\/a><\/div>\n<h2><a href=\"https:\/\/www.telorbant.com\/tr\/?s=&amp;product_cat=sogutma-tel-bandi&amp;post_type=product\">So\u011futma Tel Band\u0131<b><img loading=\"lazy\" decoding=\"async\" class=\"alignright lazyload\" src=\"data:image\/gif;base64,R0lGODlhAQABAAAAACH5BAEKAAEALAAAAAABAAEAAAICTAEAOw==\" data-src=\"https:\/\/www.telorbant.com\/tr\/wp-content\/uploads\/2010\/06\/asa.png\" alt=\"asa\" width=\"35\" height=\"35\" \/><\/b><\/a><\/h2>\n<p><b>NOT: B\u0130SK\u00dcV\u0130 SO\u011eUTMA VE GENEL\u00a0 SO\u011eUTMA OLARAK\u00a0 KULLANILMAKTADIR.<\/b><\/p>\n<div class=\"clear\"><\/div>\n<\/div>\n<div class=\"horizontal-box\"><\/div>\n","protected":false},"excerpt":{"rendered":"<p>&nbsp; 20\u2019L\u0130K TEL BANT KOD 131 = SU VE MADEN SUYU MAK\u0130NALARINDA,KEK P\u0130\u015e\u0130RME\u00a0 VE B\u0130R \u00c7OK SEKT\u00d6R KULLANMAKTADIR. A\u011fa\u00e7 Kaplama ve Elyaf Band\u0131 KOD 105 = ELYAF BANTI KOD 106 = DARG\u00d6Z A\u011eA\u00c7 KAPLAMA BANTI KOD 107 = GEN\u0130\u015e G\u00d6Z A\u011eA\u00c7 KAPLAMA BANTI \u00c7ok Ama\u00e7l\u0131 Sac Band\u0131 9. \u00c7ok Ama\u00e7l\u0131 Sac \u00a0Band\u0131)\u00a0 KOD NO \u00a0\u00a0&hellip;<\/p>\n","protected":false},"author":1,"featured_media":0,"parent":0,"menu_order":0,"comment_status":"open","ping_status":"closed","template":"","meta":{"footnotes":""},"class_list":["post-21","page","type-page","status-publish","hentry"],"_links":{"self":[{"href":"https:\/\/www.telorbant.com\/tr\/wp-json\/wp\/v2\/pages\/21","targetHints":{"allow":["GET"]}}],"collection":[{"href":"https:\/\/www.telorbant.com\/tr\/wp-json\/wp\/v2\/pages"}],"about":[{"href":"https:\/\/www.telorbant.com\/tr\/wp-json\/wp\/v2\/types\/page"}],"author":[{"embeddable":true,"href":"https:\/\/www.telorbant.com\/tr\/wp-json\/wp\/v2\/users\/1"}],"replies":[{"embeddable":true,"href":"https:\/\/www.telorbant.com\/tr\/wp-json\/wp\/v2\/comments?post=21"}],"version-history":[{"count":34,"href":"https:\/\/www.telorbant.com\/tr\/wp-json\/wp\/v2\/pages\/21\/revisions"}],"predecessor-version":[{"id":1523,"href":"https:\/\/www.telorbant.com\/tr\/wp-json\/wp\/v2\/pages\/21\/revisions\/1523"}],"wp:attachment":[{"href":"https:\/\/www.telorbant.com\/tr\/wp-json\/wp\/v2\/media?parent=21"}],"curies":[{"name":"wp","href":"https:\/\/api.w.org\/{rel}","templated":true}]}}