{"id":23,"date":"2010-06-28T15:16:03","date_gmt":"2010-06-28T15:16:03","guid":{"rendered":"http:\/\/localhost\/test\/?page_id=23"},"modified":"2013-03-16T01:24:57","modified_gmt":"2013-03-15T23:24:57","slug":"seker-ve-biskuvi-pisirme-bandi","status":"publish","type":"page","link":"https:\/\/www.telorbant.com\/tr\/urunler\/seker-ve-biskuvi-pisirme-bandi\/","title":{"rendered":"\u015eeker ve Bisk\u00fcvi Band\u0131"},"content":{"rendered":"<h2><span style=\"color: #3366ff;\"><strong class=\"size-full wp-image-124\">GIDA SEKT\u00d6RLER\u0130NDE; <\/strong><\/span><\/h2>\n<p><strong>Bisk\u00fcvi, ekmek, hamur, kek, \u00e7ikolata, gofret, \u015fekerleme, sak\u0131z, kuruyemi\u015f, pi\u015firme, so\u011futma ve paketleme bant\u0131 olarak<\/strong><\/p>\n<p>&nbsp;<\/p>\n<p><!-- horizontal boxes --><\/p>\n<div class=\"horizontal-box\">\n<div class=\"horizontal-image\"><img decoding=\"async\" class=\"alignnone size-full wp-image-147 lazyload\" alt=\"new+world\" src=\"data:image\/gif;base64,R0lGODlhAQABAAAAACH5BAEKAAEALAAAAAABAAEAAAICTAEAOw==\" data-src=\"https:\/\/www.telorbant.com\/tr\/wp-content\/uploads\/2010\/06\/new+world.jpg\" width=\"87\" height=\"91\" \/><\/div>\n<p><strong>\u2022 Konserve ve dondurulmu\u015f sebze, meyve, et, tavuk ve deniz \u00fcr\u00fcnleri sekt\u00f6r\u00fcnde, y\u0131kama, kurutma, kesme, \u015foklama ve paketleme bant\u0131 olarak<\/strong><\/p>\n<p><strong>\u2022 Tekstil sekt\u00f6r\u00fcnde kurutma ve ta\u015f\u0131ma bant\u0131 olarak<\/strong><\/p>\n<\/div>\n<div class=\"horizontal-box\">\n<p><strong>(7. \u00c7ok Ama\u00e7l\u0131 Kullan\u0131lan \u015eEKER VE B\u0130SK\u00dcV\u0130 P\u0130\u015e\u0130RME Tel Band\u0131)<\/strong><\/p>\n<p><strong>\u00a0<\/strong><\/p>\n<div>\n<dl id=\"attachment_124\">\n<dt><img fetchpriority=\"high\" decoding=\"async\" alt=\"\u015eeker ve Bisk\u00fcvi Pi\u015firme Band\u0131\" src=\"data:image\/gif;base64,R0lGODlhAQABAAAAACH5BAEKAAEALAAAAAABAAEAAAICTAEAOw==\" data-src=\"https:\/\/www.telorbant.com\/tr\/wp-content\/uploads\/2010\/06\/Resim4-1024x912.jpg\" width=\"676\" height=\"601\" class=\"lazyload\" \/><\/dt>\n<dd>\u015eeker ve Bisk\u00fcvi Pi\u015firme Band\u0131<\/dd>\n<\/dl>\n<\/div>\n<table border=\"1\" cellspacing=\"0\" cellpadding=\"0\">\n<tbody>\n<tr>\n<td valign=\"top\" width=\"123\"><strong>KOD NO<\/strong><\/td>\n<td valign=\"top\" width=\"123\"><strong>A mm<\/strong><\/td>\n<td valign=\"top\" width=\"123\"><strong>B mm<\/strong><\/td>\n<td valign=\"top\" width=\"123\"><strong>C mm <\/strong><\/td>\n<td valign=\"top\" width=\"123\"><strong>D mm<\/strong><\/td>\n<\/tr>\n<tr>\n<td valign=\"top\" width=\"123\"><strong>108<\/strong><\/td>\n<td valign=\"top\" width=\"123\"><strong>4mm<\/strong><\/td>\n<td valign=\"top\" width=\"123\"><strong>1 mm<\/strong><strong><\/strong><\/td>\n<td valign=\"top\" width=\"123\"><strong>7mm<\/strong><\/td>\n<td valign=\"top\" width=\"123\"><strong>1.2mm<\/strong><\/td>\n<\/tr>\n<tr>\n<td valign=\"top\" width=\"123\"><strong>109<\/strong><\/td>\n<td valign=\"top\" width=\"123\"><strong>4mm<\/strong><\/td>\n<td valign=\"top\" width=\"123\"><strong>1.2mm<\/strong><\/td>\n<td valign=\"top\" width=\"123\"><strong>7mm<\/strong><\/td>\n<td valign=\"top\" width=\"123\"><strong>1.2mm<\/strong><\/td>\n<\/tr>\n<tr>\n<td valign=\"top\" width=\"123\"><strong>110<\/strong><\/td>\n<td valign=\"top\" width=\"123\"><strong>4.5mm<\/strong><\/td>\n<td valign=\"top\" width=\"123\"><strong>1.2mm<\/strong><\/td>\n<td valign=\"top\" width=\"123\"><strong>8mm<\/strong><\/td>\n<td valign=\"top\" width=\"123\"><strong>1.2mm<\/strong><\/td>\n<\/tr>\n<tr>\n<td valign=\"top\" width=\"123\"><strong>111<\/strong><\/td>\n<td valign=\"top\" width=\"123\"><strong>4.5mm<\/strong><\/td>\n<td valign=\"top\" width=\"123\"><strong>1mm<\/strong><\/td>\n<td valign=\"top\" width=\"123\"><strong>8mm<\/strong><\/td>\n<td valign=\"top\" width=\"123\"><strong>1.2mm<\/strong><\/td>\n<\/tr>\n<tr>\n<td valign=\"top\" width=\"123\"><strong>112<\/strong><\/td>\n<td valign=\"top\" width=\"123\"><strong>4.5mm<\/strong><\/td>\n<td valign=\"top\" width=\"123\"><strong>1.2mm<\/strong><\/td>\n<td valign=\"top\" width=\"123\"><strong>11mm<\/strong><\/td>\n<td valign=\"top\" width=\"123\"><strong>1.5mm<\/strong><\/td>\n<\/tr>\n<tr>\n<td valign=\"top\" width=\"123\"><strong>113<\/strong><\/td>\n<td valign=\"top\" width=\"123\"><strong>5mm<\/strong><\/td>\n<td valign=\"top\" width=\"123\"><strong>1.2mm<\/strong><\/td>\n<td valign=\"top\" width=\"123\"><strong>8mm<\/strong><\/td>\n<td valign=\"top\" width=\"123\"><strong>1.5mm<\/strong><\/td>\n<\/tr>\n<tr>\n<td valign=\"top\" width=\"123\"><strong>114<\/strong><\/td>\n<td valign=\"top\" width=\"123\"><strong>5mm<\/strong><\/td>\n<td valign=\"top\" width=\"123\"><strong>1.5mm<\/strong><\/td>\n<td valign=\"top\" width=\"123\"><strong>8mm<\/strong><\/td>\n<td valign=\"top\" width=\"123\"><strong>1.5mm<\/strong><\/td>\n<\/tr>\n<tr>\n<td valign=\"top\" width=\"123\"><strong>115<\/strong><\/td>\n<td valign=\"top\" width=\"123\"><strong>5mm<\/strong><\/td>\n<td valign=\"top\" width=\"123\"><strong>1mm<\/strong><\/td>\n<td valign=\"top\" width=\"123\"><strong>7mm<\/strong><\/td>\n<td valign=\"top\" width=\"123\"><strong>1.2mm<\/strong><\/td>\n<\/tr>\n<tr>\n<td valign=\"top\" width=\"123\"><strong>116<\/strong><\/td>\n<td valign=\"top\" width=\"123\"><strong>5mm<\/strong><\/td>\n<td valign=\"top\" width=\"123\"><strong>1.5mm<\/strong><\/td>\n<td valign=\"top\" width=\"123\"><strong>9.7mm<\/strong><\/td>\n<td valign=\"top\" width=\"123\"><strong>1.5mm<\/strong><\/td>\n<\/tr>\n<tr>\n<td valign=\"top\" width=\"123\"><strong>117<\/strong><\/td>\n<td valign=\"top\" width=\"123\"><strong>7mm<\/strong><\/td>\n<td valign=\"top\" width=\"123\"><strong>1.2mm<\/strong><\/td>\n<td valign=\"top\" width=\"123\"><strong>8.5mm<\/strong><\/td>\n<td valign=\"top\" width=\"123\"><strong>1.5mm<\/strong><\/td>\n<\/tr>\n<tr>\n<td valign=\"top\" width=\"123\"><strong>118<\/strong><\/td>\n<td valign=\"top\" width=\"123\"><strong>7mm<\/strong><\/td>\n<td valign=\"top\" width=\"123\"><strong>1.5mm<\/strong><\/td>\n<td valign=\"top\" width=\"123\"><strong>8.5mm<\/strong><\/td>\n<td valign=\"top\" width=\"123\"><strong>1.5mm<\/strong><\/td>\n<\/tr>\n<\/tbody>\n<\/table>\n<\/div>\n<p><!--\/ vertical boxes --><\/p>\n","protected":false},"excerpt":{"rendered":"<p>GIDA SEKT\u00d6RLER\u0130NDE; Bisk\u00fcvi, ekmek, hamur, kek, \u00e7ikolata, gofret, \u015fekerleme, sak\u0131z, kuruyemi\u015f, pi\u015firme, so\u011futma ve paketleme bant\u0131 olarak &nbsp; \u2022 Konserve ve dondurulmu\u015f sebze, meyve, et, tavuk ve deniz \u00fcr\u00fcnleri sekt\u00f6r\u00fcnde, y\u0131kama, kurutma, kesme, \u015foklama ve paketleme bant\u0131 olarak \u2022 Tekstil sekt\u00f6r\u00fcnde kurutma ve ta\u015f\u0131ma bant\u0131 olarak (7. \u00c7ok Ama\u00e7l\u0131 Kullan\u0131lan \u015eEKER VE B\u0130SK\u00dcV\u0130 P\u0130\u015e\u0130RME Tel&hellip;<\/p>\n","protected":false},"author":1,"featured_media":0,"parent":21,"menu_order":0,"comment_status":"open","ping_status":"closed","template":"template-takeatour.php","meta":{"footnotes":""},"class_list":["post-23","page","type-page","status-publish","hentry"],"_links":{"self":[{"href":"https:\/\/www.telorbant.com\/tr\/wp-json\/wp\/v2\/pages\/23","targetHints":{"allow":["GET"]}}],"collection":[{"href":"https:\/\/www.telorbant.com\/tr\/wp-json\/wp\/v2\/pages"}],"about":[{"href":"https:\/\/www.telorbant.com\/tr\/wp-json\/wp\/v2\/types\/page"}],"author":[{"embeddable":true,"href":"https:\/\/www.telorbant.com\/tr\/wp-json\/wp\/v2\/users\/1"}],"replies":[{"embeddable":true,"href":"https:\/\/www.telorbant.com\/tr\/wp-json\/wp\/v2\/comments?post=23"}],"version-history":[{"count":16,"href":"https:\/\/www.telorbant.com\/tr\/wp-json\/wp\/v2\/pages\/23\/revisions"}],"predecessor-version":[{"id":303,"href":"https:\/\/www.telorbant.com\/tr\/wp-json\/wp\/v2\/pages\/23\/revisions\/303"}],"up":[{"embeddable":true,"href":"https:\/\/www.telorbant.com\/tr\/wp-json\/wp\/v2\/pages\/21"}],"wp:attachment":[{"href":"https:\/\/www.telorbant.com\/tr\/wp-json\/wp\/v2\/media?parent=23"}],"curies":[{"name":"wp","href":"https:\/\/api.w.org\/{rel}","templated":true}]}}