{"id":232,"date":"2013-02-19T23:36:55","date_gmt":"2013-02-19T21:36:55","guid":{"rendered":"http:\/\/www.telorbant.com\/tr\/?page_id=232"},"modified":"2013-03-14T21:12:28","modified_gmt":"2013-03-14T19:12:28","slug":"agac-kaplama-ve-elyaf-bandi","status":"publish","type":"page","link":"https:\/\/www.telorbant.com\/tr\/urunler\/agac-kaplama-ve-elyaf-bandi\/","title":{"rendered":"A\u011fa\u00e7 Kaplama  ve Elyaf Band\u0131"},"content":{"rendered":"<p><img fetchpriority=\"high\" decoding=\"async\" class=\"alignnone size-full wp-image-233 lazyload\" alt=\"image002dfghk\" src=\"data:image\/gif;base64,R0lGODlhAQABAAAAACH5BAEKAAEALAAAAAABAAEAAAICTAEAOw==\" data-src=\"https:\/\/www.telorbant.com\/tr\/wp-content\/uploads\/2013\/02\/image002dfghk.jpg\" width=\"685\" height=\"636\" data-sizes=\"auto\" data-srcset=\"https:\/\/www.telorbant.com\/tr\/wp-content\/uploads\/2013\/02\/image002dfghk.jpg 685w, https:\/\/www.telorbant.com\/tr\/wp-content\/uploads\/2013\/02\/image002dfghk-300x278.jpg 300w\" sizes=\"(max-width: 685px) 100vw, 685px\" \/><\/p>\n<p><b>( 6. A\u011fa\u00e7 Kaplama\u00a0 ve Elyaf Band\u0131)<\/b><\/p>\n<p><b>\u00a0<\/b><\/p>\n<table border=\"1\" cellspacing=\"0\" cellpadding=\"0\">\n<tbody>\n<tr>\n<td valign=\"top\" width=\"123\"><b>KOD NO<\/b><\/td>\n<td valign=\"top\" width=\"123\"><b>A mm<\/b><\/td>\n<td valign=\"top\" width=\"123\"><b>B mm<\/b><\/td>\n<td valign=\"top\" width=\"123\"><b>C mm<\/b><\/td>\n<td valign=\"top\" width=\"123\"><b>D mm<\/b><\/td>\n<\/tr>\n<tr>\n<td valign=\"top\" width=\"123\"><b>105<\/b><\/td>\n<td valign=\"top\" width=\"123\"><b>15mm<\/b><\/td>\n<td valign=\"top\" width=\"123\"><b>2.3mm<\/b><\/td>\n<td valign=\"top\" width=\"123\"><b>28mm<\/b><\/td>\n<td valign=\"top\" width=\"123\"><b>2.5mm<\/b><\/td>\n<\/tr>\n<tr>\n<td valign=\"top\" width=\"123\"><b>106<\/b><\/td>\n<td valign=\"top\" width=\"123\"><b>25mm<\/b><\/td>\n<td valign=\"top\" width=\"123\"><b>2.3mm<\/b><\/td>\n<td valign=\"top\" width=\"123\"><b>38mm<\/b><\/td>\n<td valign=\"top\" width=\"123\"><b>3mm<\/b><\/td>\n<\/tr>\n<tr>\n<td valign=\"top\" width=\"123\"><b>107<\/b><\/td>\n<td valign=\"top\" width=\"123\"><b>35mm<\/b><\/td>\n<td valign=\"top\" width=\"123\"><b>2.3mm<\/b><\/td>\n<td valign=\"top\" width=\"123\"><b>38mm<\/b><\/td>\n<td valign=\"top\" width=\"123\"><b>3mm<\/b><\/td>\n<\/tr>\n<\/tbody>\n<\/table>\n<p><b>\u00a0<\/b><\/p>\n<p><b>KOD 105 = ELYAF BANTI<\/b><\/p>\n<p><b>KOD 106 = DARG\u00d6Z A\u011eA\u00c7 KAPLAMA BANTI<\/b><\/p>\n<p><b>KOD 107 = GEN\u0130\u015e G\u00d6Z A\u011eA\u00c7 KAPLAMA BANTI<\/b><\/p>\n","protected":false},"excerpt":{"rendered":"<p>( 6. A\u011fa\u00e7 Kaplama\u00a0 ve Elyaf Band\u0131) \u00a0 KOD NO A mm B mm C mm D mm 105 15mm 2.3mm 28mm 2.5mm 106 25mm 2.3mm 38mm 3mm 107 35mm 2.3mm 38mm 3mm \u00a0 KOD 105 = ELYAF BANTI KOD 106 = DARG\u00d6Z A\u011eA\u00c7 KAPLAMA BANTI KOD 107 = GEN\u0130\u015e G\u00d6Z A\u011eA\u00c7 KAPLAMA BANTI<\/p>\n","protected":false},"author":3,"featured_media":0,"parent":21,"menu_order":0,"comment_status":"open","ping_status":"open","template":"template-takeatour.php","meta":{"footnotes":""},"class_list":["post-232","page","type-page","status-publish","hentry"],"_links":{"self":[{"href":"https:\/\/www.telorbant.com\/tr\/wp-json\/wp\/v2\/pages\/232","targetHints":{"allow":["GET"]}}],"collection":[{"href":"https:\/\/www.telorbant.com\/tr\/wp-json\/wp\/v2\/pages"}],"about":[{"href":"https:\/\/www.telorbant.com\/tr\/wp-json\/wp\/v2\/types\/page"}],"author":[{"embeddable":true,"href":"https:\/\/www.telorbant.com\/tr\/wp-json\/wp\/v2\/users\/3"}],"replies":[{"embeddable":true,"href":"https:\/\/www.telorbant.com\/tr\/wp-json\/wp\/v2\/comments?post=232"}],"version-history":[{"count":6,"href":"https:\/\/www.telorbant.com\/tr\/wp-json\/wp\/v2\/pages\/232\/revisions"}],"predecessor-version":[{"id":286,"href":"https:\/\/www.telorbant.com\/tr\/wp-json\/wp\/v2\/pages\/232\/revisions\/286"}],"up":[{"embeddable":true,"href":"https:\/\/www.telorbant.com\/tr\/wp-json\/wp\/v2\/pages\/21"}],"wp:attachment":[{"href":"https:\/\/www.telorbant.com\/tr\/wp-json\/wp\/v2\/media?parent=232"}],"curies":[{"name":"wp","href":"https:\/\/api.w.org\/{rel}","templated":true}]}}