{"id":25,"date":"2010-06-28T15:16:43","date_gmt":"2010-06-28T15:16:43","guid":{"rendered":"http:\/\/localhost\/test\/?page_id=25"},"modified":"2013-03-16T01:24:16","modified_gmt":"2013-03-15T23:24:16","slug":"cok-amacli-sac-bandi","status":"publish","type":"page","link":"https:\/\/www.telorbant.com\/tr\/urunler\/cok-amacli-sac-bandi\/","title":{"rendered":"\u00c7ok Ama\u00e7l\u0131 Sac Band\u0131"},"content":{"rendered":"<h1><a href=\"https:\/\/www.telorbant.com\/tr\/wp-content\/uploads\/2010\/06\/Resim3-1024x950.jpg\" class=\"mfp-image\"><img fetchpriority=\"high\" decoding=\"async\" class=\"alignnone size-full wp-image-129 lazyload\" alt=\"\u00c7ok Ama\u00e7l\u0131 Sac Band\u0131\" src=\"data:image\/gif;base64,R0lGODlhAQABAAAAACH5BAEKAAEALAAAAAABAAEAAAICTAEAOw==\" data-src=\"https:\/\/www.telorbant.com\/tr\/wp-content\/uploads\/2010\/06\/Resim3-1024x950.jpg\" width=\"593\" height=\"549\" data-sizes=\"auto\" data-srcset=\"https:\/\/www.telorbant.com\/tr\/wp-content\/uploads\/2010\/06\/Resim3-1024x950.jpg 1024w, https:\/\/www.telorbant.com\/tr\/wp-content\/uploads\/2010\/06\/Resim3-1024x950-300x278.jpg 300w\" sizes=\"(max-width: 593px) 100vw, 593px\" \/><\/a><\/h1>\n<p><b>(9. \u00c7ok Ama\u00e7l\u0131 Sac \u00a0Band\u0131)<\/b><\/p>\n<p><b>\u00a0<\/b><\/p>\n<table border=\"1\" cellspacing=\"0\" cellpadding=\"0\">\n<tbody>\n<tr>\n<td valign=\"top\" width=\"123\"><b>KOD NO<\/b><\/td>\n<td valign=\"top\" width=\"123\"><b>A mm<\/b><\/td>\n<td valign=\"top\" width=\"123\"><b>B mm<\/b><\/td>\n<td valign=\"top\" width=\"123\"><b>C mm<\/b><\/td>\n<td valign=\"top\" width=\"123\"><b>D mm<\/b><\/td>\n<\/tr>\n<tr>\n<td valign=\"top\" width=\"123\"><b>127<\/b><\/td>\n<td valign=\"top\" width=\"123\"><b>22mm<\/b><\/td>\n<td valign=\"top\" width=\"123\"><b>1.2mm<\/b><\/td>\n<td valign=\"top\" width=\"123\"><b>26mm<\/b><\/td>\n<td valign=\"top\" width=\"123\"><b>3mm<\/b><\/td>\n<\/tr>\n<\/tbody>\n<\/table>\n<p><b>\u00a0<\/b><\/p>\n<h1>\u00c7ok Ama\u00e7l\u0131 Sac Band\u0131<\/h1>\n<p><!--\/ vertical boxes --><\/p>\n","protected":false},"excerpt":{"rendered":"<p>(9. \u00c7ok Ama\u00e7l\u0131 Sac \u00a0Band\u0131) \u00a0 KOD NO A mm B mm C mm D mm 127 22mm 1.2mm 26mm 3mm \u00a0 \u00c7ok Ama\u00e7l\u0131 Sac Band\u0131<\/p>\n","protected":false},"author":1,"featured_media":0,"parent":21,"menu_order":0,"comment_status":"open","ping_status":"closed","template":"template-takeatour.php","meta":{"footnotes":""},"class_list":["post-25","page","type-page","status-publish","hentry"],"_links":{"self":[{"href":"https:\/\/www.telorbant.com\/tr\/wp-json\/wp\/v2\/pages\/25","targetHints":{"allow":["GET"]}}],"collection":[{"href":"https:\/\/www.telorbant.com\/tr\/wp-json\/wp\/v2\/pages"}],"about":[{"href":"https:\/\/www.telorbant.com\/tr\/wp-json\/wp\/v2\/types\/page"}],"author":[{"embeddable":true,"href":"https:\/\/www.telorbant.com\/tr\/wp-json\/wp\/v2\/users\/1"}],"replies":[{"embeddable":true,"href":"https:\/\/www.telorbant.com\/tr\/wp-json\/wp\/v2\/comments?post=25"}],"version-history":[{"count":8,"href":"https:\/\/www.telorbant.com\/tr\/wp-json\/wp\/v2\/pages\/25\/revisions"}],"predecessor-version":[{"id":151,"href":"https:\/\/www.telorbant.com\/tr\/wp-json\/wp\/v2\/pages\/25\/revisions\/151"}],"up":[{"embeddable":true,"href":"https:\/\/www.telorbant.com\/tr\/wp-json\/wp\/v2\/pages\/21"}],"wp:attachment":[{"href":"https:\/\/www.telorbant.com\/tr\/wp-json\/wp\/v2\/media?parent=25"}],"curies":[{"name":"wp","href":"https:\/\/api.w.org\/{rel}","templated":true}]}}