{"id":31,"date":"2010-06-28T15:18:52","date_gmt":"2010-06-28T15:18:52","guid":{"rendered":"http:\/\/localhost\/test\/?page_id=31"},"modified":"2013-03-16T01:25:05","modified_gmt":"2013-03-15T23:25:05","slug":"ikili-pisirme-bandi","status":"publish","type":"page","link":"https:\/\/www.telorbant.com\/tr\/urunler\/ikili-pisirme-bandi\/","title":{"rendered":"\u0130kili Pi\u015firme Band\u0131"},"content":{"rendered":"<p><a href=\"https:\/\/www.telorbant.com\/tr\/wp-content\/uploads\/2010\/06\/meyvesepeti.1.png\" class=\"mfp-image\"><img fetchpriority=\"high\" decoding=\"async\" class=\"alignnone size-full wp-image-209 lazyload\" alt=\"meyvesepeti.1\" src=\"data:image\/gif;base64,R0lGODlhAQABAAAAACH5BAEKAAEALAAAAAABAAEAAAICTAEAOw==\" data-src=\"https:\/\/www.telorbant.com\/tr\/wp-content\/uploads\/2010\/06\/meyvesepeti.1.png\" width=\"626\" height=\"575\" data-sizes=\"auto\" data-srcset=\"https:\/\/www.telorbant.com\/tr\/wp-content\/uploads\/2010\/06\/meyvesepeti.1.png 626w, https:\/\/www.telorbant.com\/tr\/wp-content\/uploads\/2010\/06\/meyvesepeti.1-300x275.png 300w\" sizes=\"(max-width: 626px) 100vw, 626px\" \/><\/a><\/p>\n<p><b>(5. \u0130kili Pi\u015firme Band\u0131 ) <\/b><\/p>\n<p><b>\u00a0<\/b><\/p>\n<table border=\"1\" cellspacing=\"0\" cellpadding=\"0\">\n<tbody>\n<tr>\n<td valign=\"top\" width=\"123\"><b>KOD NO<\/b><\/td>\n<td valign=\"top\" width=\"123\"><b>A mm<\/b><\/td>\n<td valign=\"top\" width=\"123\"><b>B mm<\/b><\/td>\n<td valign=\"top\" width=\"123\"><b>C mm<\/b><\/td>\n<td valign=\"top\" width=\"123\"><b>D mm<\/b><\/td>\n<\/tr>\n<tr>\n<td valign=\"top\" width=\"123\"><b>104<\/b><\/td>\n<td valign=\"top\" width=\"123\"><b>5 mm<\/b><\/td>\n<td valign=\"top\" width=\"123\"><b>1.2 mm<\/b><\/td>\n<td valign=\"top\" width=\"123\"><b>10 mm<\/b><\/td>\n<td valign=\"top\" width=\"123\"><b>1.5 mm<\/b><\/td>\n<\/tr>\n<\/tbody>\n<\/table>\n<p><b>\u00a0<\/b><\/p>\n<h1><strong>\u0130kili Pi\u015firme Band\u0131<\/strong><\/h1>\n<p>&nbsp;<\/p>\n<p><!--\/ vertical boxes --><\/p>\n","protected":false},"excerpt":{"rendered":"<p>(5. \u0130kili Pi\u015firme Band\u0131 ) \u00a0 KOD NO A mm B mm C mm D mm 104 5 mm 1.2 mm 10 mm 1.5 mm \u00a0 \u0130kili Pi\u015firme Band\u0131 &nbsp;<\/p>\n","protected":false},"author":1,"featured_media":0,"parent":21,"menu_order":0,"comment_status":"open","ping_status":"closed","template":"template-takeatour.php","meta":{"footnotes":""},"class_list":["post-31","page","type-page","status-publish","hentry"],"_links":{"self":[{"href":"https:\/\/www.telorbant.com\/tr\/wp-json\/wp\/v2\/pages\/31","targetHints":{"allow":["GET"]}}],"collection":[{"href":"https:\/\/www.telorbant.com\/tr\/wp-json\/wp\/v2\/pages"}],"about":[{"href":"https:\/\/www.telorbant.com\/tr\/wp-json\/wp\/v2\/types\/page"}],"author":[{"embeddable":true,"href":"https:\/\/www.telorbant.com\/tr\/wp-json\/wp\/v2\/users\/1"}],"replies":[{"embeddable":true,"href":"https:\/\/www.telorbant.com\/tr\/wp-json\/wp\/v2\/comments?post=31"}],"version-history":[{"count":8,"href":"https:\/\/www.telorbant.com\/tr\/wp-json\/wp\/v2\/pages\/31\/revisions"}],"predecessor-version":[{"id":304,"href":"https:\/\/www.telorbant.com\/tr\/wp-json\/wp\/v2\/pages\/31\/revisions\/304"}],"up":[{"embeddable":true,"href":"https:\/\/www.telorbant.com\/tr\/wp-json\/wp\/v2\/pages\/21"}],"wp:attachment":[{"href":"https:\/\/www.telorbant.com\/tr\/wp-json\/wp\/v2\/media?parent=31"}],"curies":[{"name":"wp","href":"https:\/\/api.w.org\/{rel}","templated":true}]}}