{"id":65,"date":"2010-06-28T15:09:48","date_gmt":"2010-06-28T15:09:48","guid":{"rendered":"http:\/\/localhost\/test\/?page_id=65"},"modified":"2013-03-16T01:22:03","modified_gmt":"2013-03-15T23:22:03","slug":"hakkimizda","status":"publish","type":"page","link":"https:\/\/www.telorbant.com\/tr\/hakkimizda\/","title":{"rendered":"Hakk\u0131m\u0131zda"},"content":{"rendered":"<h1><img decoding=\"async\" class=\"size-full wp-image-117 alignleft lazyload\" alt=\"logo\" src=\"data:image\/gif;base64,R0lGODlhAQABAAAAACH5BAEKAAEALAAAAAABAAEAAAICTAEAOw==\" data-src=\"https:\/\/www.telorbant.com\/tr\/wp-content\/uploads\/2010\/06\/logo.png\" width=\"254\" height=\"142\" \/><\/h1>\n<p class=\"text-big\">Tel\u00f6r Bant ve Tel \u00d6rme Sanayi Ticaret Limited \u015eirketi Konvey\u00f6r Telbant Sanayi 1970 y\u0131l\u0131ndan itibaren bu konuda imalata dayal\u0131 hizmet vermektedir. Uzman kadrosu, teknik bilgi birikimi ile \u00fcretim sistem ve kalitesi ile b\u00fcy\u00fck bir Pazar pay\u0131na sahiptir. \u00dcretimini yapm\u0131\u015f oldu\u011fumuz Konvey\u00f6r Telbant bir\u00e7ok sekt\u00f6rde kullan\u0131lmaktad\u0131r..<\/p>\n<p><!-- vertical boxes --><\/p>\n<div class=\"white-box\"><img fetchpriority=\"high\" decoding=\"async\" class=\"alignnone size-medium wp-image-113 lazyload\" alt=\"banner\" src=\"data:image\/gif;base64,R0lGODlhAQABAAAAACH5BAEKAAEALAAAAAABAAEAAAICTAEAOw==\" data-src=\"https:\/\/www.telorbant.com\/tr\/wp-content\/uploads\/2010\/06\/banner-300x83.jpg\" width=\"726\" height=\"208\" \/><\/div>\n<p><!--\/ vertical boxes --><\/p>\n<p><!-- vertical box 2 --><\/p>\n<div class=\"white-box nobg\">\n<h2>\u00dcr\u00fcnlerimiz :<\/h2>\n<div class=\"vertical-box\">\n<ul>\n<li><span style=\"color: #3366ff;\"><strong>\u015eeker ve Bisk\u00fcvi Pi\u015firme Band\u0131.<\/strong><\/span> (7. \u00c7ok Ama\u00e7l\u0131 Kullan\u0131lan \u015eEKER VE B\u0130SK\u00dcV\u0130 P\u0130\u015e\u0130RME Tel Band\u0131) \u00a0 KOD NO A mm B mm C mm D mm 108 4mm 1 mm 7mm 1.2mm 109 4mm 1.2mm 7mm 1.2mm 110 4.5mm 1.2mm 8mm 1.2mm 111 4.5mm 1mm 8mm 1.2mm 112 4.5mm 1.2mm 11mm 1.5mm 113 5mm 1.2mm.<\/li>\n<li><span style=\"color: #3366ff;\"><strong>\u00c7ok Ama\u00e7l\u0131 Sac Band\u0131<\/strong><\/span>. (9. \u00c7ok Ama\u00e7l\u0131 Sac \u00a0Band\u0131)\u00a0 KOD NO A mm B mm C mm D mm 127 22mm 1.2mm 26mm 3mm.<\/li>\n<li><strong><span style=\"color: #3366ff;\">20\u2019lik Tel Bant<\/span>.<\/strong> (11.\u00a0 20\u2019L\u0130K TEL BANT )\u00a0 KOD NO A mm B mm C mm D mm 146 11 mm 2 mm 20 mm 2.30 mm KOD 131 = SU VE MADEN SUYU MAK\u0130NALARINDA,KEK P\u0130\u015e\u0130RME\u00a0 VE B\u0130R \u00c7OK SEKT\u00d6R KULLANMAKTADIR..<\/li>\n<li><strong><span style=\"color: #3366ff;\">\u0130kili Pi\u015firme Band\u0131 Model No T\u00d6B-BL<\/span>.<\/strong> KOD NO A mm B mm C mm D mm 104 6 mm 1.2 mm 14 mm 1.5 mm\u00a0 ..<\/li>\n<\/ul>\n<\/div>\n<div class=\"vertical-box\">\n<ul>\n<li><strong><span style=\"color: #3366ff;\">Zincirli Tel Band\u0131 Model No T\u00d6B-BT<\/span>.<\/strong> KOD NO A mm B mm C mm D mm 140 8mm 1.5mm 19mm 1.5mm 141 8.5mm 1.5mm 15mm 2mm 142 8mm 1.5mm 12.5mm 2mm 143 8.46mm 2.5mm 17mm 3mm 144 9.9mm 2mm 16mm 2.3mm 145 5mm 5mm 100mm 8mm 146 11mm 2mm 21mm 2.3mm\u00a0 .<\/li>\n<li><strong><span style=\"color: #3366ff;\">\u00dc\u00e7l\u00fc Pi\u015firme Band\u0131 Model No T\u00d6B-BK<\/span>.<\/strong> KOD NO A mm B mm C mm D mm 103 8mm 1.5mm 15mm 1.5mm.<\/li>\n<li><strong><span style=\"color: #3366ff;\">Eksenli \u00c7\u0131kolata Bant\u0131 \u2013 T\u00f6B-BP<\/span>.<\/strong> KOD NO A mm B mm C mm D mm 119 6mm 1mm 120 6,4mm 1,1mm 121 6,9mm 1,2mm 122 7,35mm 1,5mm 123 17,2mm 2mm 124 20mm 2,5mm 125 23mm 3m.<\/li>\n<li><strong><span style=\"color: #3366ff;\">Tek ve \u00c7ift B\u00fck\u00fcm \u00c7ikolata Band\u0131 Model NoT\u00d6B-BR<\/span>.<\/strong> KOD NO A mm B mm C mm D mm 119 6mm 1mm 120 6,4mm 1,1mm 121 6,9mm 1,2mm 122 7,35mm 1,5mm 123 17,2mm 2mm 124 20mm 2,5mm 125 23mm 3mm.<\/li>\n<\/ul>\n<\/div>\n<\/div>\n<p><!--\/ vertical box 2 --><\/p>\n","protected":false},"excerpt":{"rendered":"<p>Tel\u00f6r Bant ve Tel \u00d6rme Sanayi Ticaret Limited \u015eirketi Konvey\u00f6r Telbant Sanayi 1970 y\u0131l\u0131ndan itibaren bu konuda imalata dayal\u0131 hizmet vermektedir. Uzman kadrosu, teknik bilgi birikimi ile \u00fcretim sistem ve kalitesi ile b\u00fcy\u00fck bir Pazar pay\u0131na sahiptir. \u00dcretimini yapm\u0131\u015f oldu\u011fumuz Konvey\u00f6r Telbant bir\u00e7ok sekt\u00f6rde kullan\u0131lmaktad\u0131r.. \u00dcr\u00fcnlerimiz : \u015eeker ve Bisk\u00fcvi Pi\u015firme Band\u0131. (7. \u00c7ok Ama\u00e7l\u0131&hellip;<\/p>\n","protected":false},"author":1,"featured_media":0,"parent":0,"menu_order":0,"comment_status":"open","ping_status":"closed","template":"","meta":{"footnotes":""},"class_list":["post-65","page","type-page","status-publish","hentry"],"_links":{"self":[{"href":"https:\/\/www.telorbant.com\/tr\/wp-json\/wp\/v2\/pages\/65","targetHints":{"allow":["GET"]}}],"collection":[{"href":"https:\/\/www.telorbant.com\/tr\/wp-json\/wp\/v2\/pages"}],"about":[{"href":"https:\/\/www.telorbant.com\/tr\/wp-json\/wp\/v2\/types\/page"}],"author":[{"embeddable":true,"href":"https:\/\/www.telorbant.com\/tr\/wp-json\/wp\/v2\/users\/1"}],"replies":[{"embeddable":true,"href":"https:\/\/www.telorbant.com\/tr\/wp-json\/wp\/v2\/comments?post=65"}],"version-history":[{"count":9,"href":"https:\/\/www.telorbant.com\/tr\/wp-json\/wp\/v2\/pages\/65\/revisions"}],"predecessor-version":[{"id":296,"href":"https:\/\/www.telorbant.com\/tr\/wp-json\/wp\/v2\/pages\/65\/revisions\/296"}],"wp:attachment":[{"href":"https:\/\/www.telorbant.com\/tr\/wp-json\/wp\/v2\/media?parent=65"}],"curies":[{"name":"wp","href":"https:\/\/api.w.org\/{rel}","templated":true}]}}