{"id":1295,"date":"2020-02-10T08:18:35","date_gmt":"2020-02-10T08:18:35","guid":{"rendered":"http:\/\/peakshops.fuelthemes.net\/peakshops-ppe\/?post_type=product&#038;p=117"},"modified":"2023-07-30T04:21:19","modified_gmt":"2023-07-30T01:21:19","slug":"konveyor-tel-bant-5","status":"publish","type":"product","link":"https:\/\/www.telorbant.com\/tr\/urun\/konveyor-tel-bant-5\/","title":{"rendered":"Konvey\u00f6r Tel bant"},"content":{"rendered":"[vc_row][vc_column][vc_column_text]\n<h3 class=\"LC20lb MBeuO DKV0Md\">Tel Bant | Konveyor Tel Bant<\/h3>\n<div class=\"Z26q7c UK95Uc\" data-sncf=\"1\" data-snf=\"nke7rc\">\n<div class=\"VwiC3b yXK7lf MUxGbd yDYNvb lyLwlc lEBKkf\"><em>Tel Bant<\/em> ihtiya\u00e7lar\u0131n\u0131z i\u00e7in \u00f6zel sipari\u015f <em>tel bant<\/em>! Geni\u015f \u00fcr\u00fcn yelpazesi ile her sekt\u00f6re \u00f6zel <em>tel bant<\/em>!<\/div>\n<\/div>\n[\/vc_column_text][\/vc_column][\/vc_row]\n","protected":false},"excerpt":{"rendered":"<h3 class=\"LC20lb MBeuO DKV0Md\">Tel Bant | Konveyor Tel Bant<\/h3>\n<div class=\"Z26q7c UK95Uc\" data-sncf=\"1\" data-snf=\"nke7rc\">\n<div class=\"VwiC3b yXK7lf MUxGbd yDYNvb lyLwlc lEBKkf\"><em>Tel Bant<\/em> ihtiya\u00e7lar\u0131n\u0131z i\u00e7in \u00f6zel sipari\u015f <em>tel bant<\/em>! Geni\u015f \u00fcr\u00fcn yelpazesi ile her sekt\u00f6re \u00f6zel <em>tel bant<\/em>!<\/div>\n<\/div>\n","protected":false},"featured_media":262,"comment_status":"open","ping_status":"closed","template":"","meta":[],"product_brand":[],"product_cat":[161,95,126,131],"product_tag":[189,128,149,190,179,180],"class_list":{"0":"post-1295","1":"product","2":"type-product","3":"status-publish","4":"has-post-thumbnail","6":"product_cat-ikili-pisirme-bandi","7":"product_cat-konveyor-bant","8":"product_cat-sac-band","9":"product_cat-sogutma-tel-bandi","10":"product_tag-konveyor-tel-bant","11":"product_tag-minimal","12":"product_tag-sherpa","13":"product_tag-tel-bant","14":"product_tag-zara","15":"product_tag-zip","17":"first","18":"instock","19":"featured","20":"shipping-taxable","21":"product-type-simple"},"_links":{"self":[{"href":"https:\/\/www.telorbant.com\/tr\/wp-json\/wp\/v2\/product\/1295","targetHints":{"allow":["GET"]}}],"collection":[{"href":"https:\/\/www.telorbant.com\/tr\/wp-json\/wp\/v2\/product"}],"about":[{"href":"https:\/\/www.telorbant.com\/tr\/wp-json\/wp\/v2\/types\/product"}],"replies":[{"embeddable":true,"href":"https:\/\/www.telorbant.com\/tr\/wp-json\/wp\/v2\/comments?post=1295"}],"wp:featuredmedia":[{"embeddable":true,"href":"https:\/\/www.telorbant.com\/tr\/wp-json\/wp\/v2\/media\/262"}],"wp:attachment":[{"href":"https:\/\/www.telorbant.com\/tr\/wp-json\/wp\/v2\/media?parent=1295"}],"wp:term":[{"taxonomy":"product_brand","embeddable":true,"href":"https:\/\/www.telorbant.com\/tr\/wp-json\/wp\/v2\/product_brand?post=1295"},{"taxonomy":"product_cat","embeddable":true,"href":"https:\/\/www.telorbant.com\/tr\/wp-json\/wp\/v2\/product_cat?post=1295"},{"taxonomy":"product_tag","embeddable":true,"href":"https:\/\/www.telorbant.com\/tr\/wp-json\/wp\/v2\/product_tag?post=1295"}],"curies":[{"name":"wp","href":"https:\/\/api.w.org\/{rel}","templated":true}]}}