{"id":1306,"date":"2020-02-10T08:20:53","date_gmt":"2020-02-10T08:20:53","guid":{"rendered":"http:\/\/peakshops.fuelthemes.net\/peakshops-ppe\/?post_type=product&#038;p=190"},"modified":"2023-08-11T23:48:15","modified_gmt":"2023-08-11T20:48:15","slug":"konveyor-tel-bant-4","status":"publish","type":"product","link":"https:\/\/www.telorbant.com\/tr\/urun\/konveyor-tel-bant-4\/","title":{"rendered":"A\u011fa\u00e7 Kaplama ve Elyaf Band\u0131"},"content":{"rendered":"[vc_row][vc_column][vc_column_text]Konvey\u00f6r Tel bant<\/p>\n<div class=\"CCgQ5 vCa9Yd QfkTvb N8QANc MUxGbd v0nnCb\" role=\"heading\" aria-level=\"3\">Konvey\u00f6r Bant \u00c7e\u015fitleri &#8211; Konvey\u00f6r Bant Sistemleri<\/div>\n<div class=\"d8lRkd\">\n<div class=\"eqA2re NjwKYd Vwoesf\" aria-hidden=\"true\"><\/div>\n<\/div>\n<div>\n<div class=\"MUxGbd yDYNvb lyLwlc\">\n<div>Ta\u015f\u0131y\u0131c\u0131 Bantlar, Kay\u0131\u015flar &amp; Ekleme Sistemleri Konusunda Sipari\u015f ve Bilgi i\u00e7in Bize Ula\u015f\u0131n<\/div>\n<\/div>\n<\/div>\n[\/vc_column_text][\/vc_column][\/vc_row]\n","protected":false},"excerpt":{"rendered":"<h2>A\u011fa\u00e7 Kaplama ve Elyaf Band\u0131<\/h2>\n<p>Konvey\u00f6r Tel bant<\/p>\n<div class=\"CCgQ5 vCa9Yd QfkTvb N8QANc MUxGbd v0nnCb\" role=\"heading\" aria-level=\"3\">Konvey\u00f6r Bant \u00c7e\u015fitleri &#8211; Konvey\u00f6r Bant Sistemleri<\/div>\n<div class=\"d8lRkd\">\n<div class=\"eqA2re NjwKYd Vwoesf\" aria-hidden=\"true\"><\/div>\n<\/div>\n<div>\n<div class=\"MUxGbd yDYNvb lyLwlc\">\n<div>Ta\u015f\u0131y\u0131c\u0131 Bantlar, Kay\u0131\u015flar &amp; Ekleme Sistemleri Konusunda Sipari\u015f ve Bilgi i\u00e7in Bize Ula\u015f\u0131n<\/div>\n<\/div>\n<\/div>\n","protected":false},"featured_media":262,"comment_status":"open","ping_status":"closed","template":"","meta":[],"product_brand":[],"product_cat":[104],"product_tag":[199,201,97,200,111,189,169],"class_list":{"0":"post-1306","1":"product","2":"type-product","3":"status-publish","4":"has-post-thumbnail","6":"product_cat-elyaf-bandi","7":"product_tag-agac-kaplama","8":"product_tag-agac-kaplama-ve-elyaf-bandi","9":"product_tag-cotton","10":"product_tag-elyaf-bandi","11":"product_tag-gray","12":"product_tag-konveyor-tel-bant","13":"product_tag-tshirt","15":"first","16":"instock","17":"featured","18":"shipping-taxable","19":"product-type-simple"},"_links":{"self":[{"href":"https:\/\/www.telorbant.com\/tr\/wp-json\/wp\/v2\/product\/1306","targetHints":{"allow":["GET"]}}],"collection":[{"href":"https:\/\/www.telorbant.com\/tr\/wp-json\/wp\/v2\/product"}],"about":[{"href":"https:\/\/www.telorbant.com\/tr\/wp-json\/wp\/v2\/types\/product"}],"replies":[{"embeddable":true,"href":"https:\/\/www.telorbant.com\/tr\/wp-json\/wp\/v2\/comments?post=1306"}],"wp:featuredmedia":[{"embeddable":true,"href":"https:\/\/www.telorbant.com\/tr\/wp-json\/wp\/v2\/media\/262"}],"wp:attachment":[{"href":"https:\/\/www.telorbant.com\/tr\/wp-json\/wp\/v2\/media?parent=1306"}],"wp:term":[{"taxonomy":"product_brand","embeddable":true,"href":"https:\/\/www.telorbant.com\/tr\/wp-json\/wp\/v2\/product_brand?post=1306"},{"taxonomy":"product_cat","embeddable":true,"href":"https:\/\/www.telorbant.com\/tr\/wp-json\/wp\/v2\/product_cat?post=1306"},{"taxonomy":"product_tag","embeddable":true,"href":"https:\/\/www.telorbant.com\/tr\/wp-json\/wp\/v2\/product_tag?post=1306"}],"curies":[{"name":"wp","href":"https:\/\/api.w.org\/{rel}","templated":true}]}}