{"id":1314,"date":"2020-02-06T20:42:37","date_gmt":"2020-02-06T20:42:37","guid":{"rendered":"http:\/\/peakshops.fuelthemes.net\/peakshops-ppe\/?post_type=product&#038;p=226"},"modified":"2023-07-30T04:23:32","modified_gmt":"2023-07-30T01:23:32","slug":"konveyor-tel-bant-6","status":"publish","type":"product","link":"https:\/\/www.telorbant.com\/tr\/urun\/konveyor-tel-bant-6\/","title":{"rendered":"Konveyor Tel Bant"},"content":{"rendered":"[vc_row][vc_column][vc_column_text]Ta\u015f\u0131y\u0131c\u0131 Bantlar, Kay\u0131\u015flar &amp; Ekleme Sistemleri Konusunda Sipari\u015f ve Bilgi i\u00e7in Bize Ula\u015f\u0131n<\/p>\n<p>Konvey\u00f6r Bant \u00c7e\u015fitleri &#8211; Konvey\u00f6r Bant Sistemleri[\/vc_column_text][\/vc_column][\/vc_row]\n","protected":false},"excerpt":{"rendered":"<p>Ta\u015f\u0131y\u0131c\u0131 Bantlar, Kay\u0131\u015flar &amp; Ekleme Sistemleri Konusunda Sipari\u015f ve Bilgi i\u00e7in Bize Ula\u015f\u0131n<\/p>\n<p>Konvey\u00f6r Bant \u00c7e\u015fitleri &#8211; Konvey\u00f6r Bant Sistemleri<\/p>\n","protected":false},"featured_media":276,"comment_status":"open","ping_status":"closed","template":"","meta":[],"product_brand":[],"product_cat":[161,126],"product_tag":[101,112,113,192,191],"class_list":{"0":"post-1314","1":"product","2":"type-product","3":"status-publish","4":"has-post-thumbnail","6":"product_cat-ikili-pisirme-bandi","7":"product_cat-sac-band","8":"product_tag-dress","9":"product_tag-green","10":"product_tag-guipure","11":"product_tag-konveyor-bant-cesitleri","12":"product_tag-konveyor-bant-sistemleri","14":"first","15":"instock","16":"shipping-taxable","17":"product-type-simple"},"_links":{"self":[{"href":"https:\/\/www.telorbant.com\/tr\/wp-json\/wp\/v2\/product\/1314","targetHints":{"allow":["GET"]}}],"collection":[{"href":"https:\/\/www.telorbant.com\/tr\/wp-json\/wp\/v2\/product"}],"about":[{"href":"https:\/\/www.telorbant.com\/tr\/wp-json\/wp\/v2\/types\/product"}],"replies":[{"embeddable":true,"href":"https:\/\/www.telorbant.com\/tr\/wp-json\/wp\/v2\/comments?post=1314"}],"wp:featuredmedia":[{"embeddable":true,"href":"https:\/\/www.telorbant.com\/tr\/wp-json\/wp\/v2\/media\/276"}],"wp:attachment":[{"href":"https:\/\/www.telorbant.com\/tr\/wp-json\/wp\/v2\/media?parent=1314"}],"wp:term":[{"taxonomy":"product_brand","embeddable":true,"href":"https:\/\/www.telorbant.com\/tr\/wp-json\/wp\/v2\/product_brand?post=1314"},{"taxonomy":"product_cat","embeddable":true,"href":"https:\/\/www.telorbant.com\/tr\/wp-json\/wp\/v2\/product_cat?post=1314"},{"taxonomy":"product_tag","embeddable":true,"href":"https:\/\/www.telorbant.com\/tr\/wp-json\/wp\/v2\/product_tag?post=1314"}],"curies":[{"name":"wp","href":"https:\/\/api.w.org\/{rel}","templated":true}]}}