{"id":1315,"date":"2020-02-10T19:52:20","date_gmt":"2020-02-10T16:52:20","guid":{"rendered":"http:\/\/peakshops.fuelthemes.net\/peakshops-ppe\/?post_type=product&#038;p=76"},"modified":"2023-08-11T23:42:01","modified_gmt":"2023-08-11T20:42:01","slug":"konveyor-tel-bant-2","status":"publish","type":"product","link":"https:\/\/www.telorbant.com\/tr\/urun\/konveyor-tel-bant-2\/","title":{"rendered":"Konvey\u00f6r Tel bant"},"content":{"rendered":"<div class=\"MhgNwc\">\n<div class=\"JQ18Hc MUxGbd v0nnCb lyLwlc aLF0Z OSrXXb\" role=\"listitem\">Tel Bant \u00dcr\u00fcnleri<\/div>\n<div class=\"MUxGbd yDYNvb lyLwlc aLF0Z OSrXXb\">Tel Bant \u00dcr\u00fcnleri 0,7 mm ile 5 mm Aras\u0131ndaki \u00c7elik Tellerden \u00dcretilir<\/div>\n<\/div>\n","protected":false},"excerpt":{"rendered":"<p>Konvey\u00f6r Tel bant<\/p>\n","protected":false},"featured_media":1395,"comment_status":"open","ping_status":"closed","template":"","meta":[],"product_brand":[],"product_cat":[110],"product_tag":[93,150,155],"class_list":{"0":"post-1315","1":"product","2":"type-product","3":"status-publish","4":"has-post-thumbnail","6":"product_cat-tel-bant","7":"product_tag-brown","8":"product_tag-shirt","9":"product_tag-sweater","11":"first","12":"instock","13":"shipping-taxable","14":"product-type-simple"},"_links":{"self":[{"href":"https:\/\/www.telorbant.com\/tr\/wp-json\/wp\/v2\/product\/1315","targetHints":{"allow":["GET"]}}],"collection":[{"href":"https:\/\/www.telorbant.com\/tr\/wp-json\/wp\/v2\/product"}],"about":[{"href":"https:\/\/www.telorbant.com\/tr\/wp-json\/wp\/v2\/types\/product"}],"replies":[{"embeddable":true,"href":"https:\/\/www.telorbant.com\/tr\/wp-json\/wp\/v2\/comments?post=1315"}],"wp:featuredmedia":[{"embeddable":true,"href":"https:\/\/www.telorbant.com\/tr\/wp-json\/wp\/v2\/media\/1395"}],"wp:attachment":[{"href":"https:\/\/www.telorbant.com\/tr\/wp-json\/wp\/v2\/media?parent=1315"}],"wp:term":[{"taxonomy":"product_brand","embeddable":true,"href":"https:\/\/www.telorbant.com\/tr\/wp-json\/wp\/v2\/product_brand?post=1315"},{"taxonomy":"product_cat","embeddable":true,"href":"https:\/\/www.telorbant.com\/tr\/wp-json\/wp\/v2\/product_cat?post=1315"},{"taxonomy":"product_tag","embeddable":true,"href":"https:\/\/www.telorbant.com\/tr\/wp-json\/wp\/v2\/product_tag?post=1315"}],"curies":[{"name":"wp","href":"https:\/\/api.w.org\/{rel}","templated":true}]}}