{"id":745,"date":"2020-02-10T08:22:22","date_gmt":"2020-02-10T08:22:22","guid":{"rendered":"http:\/\/peakshops.fuelthemes.net\/peakshops-ppe\/?post_type=product&#038;p=171"},"modified":"2023-08-11T23:45:05","modified_gmt":"2023-08-11T20:45:05","slug":"ikili-pisirme-bandi-konveyor-tel-bant","status":"publish","type":"product","link":"https:\/\/www.telorbant.com\/tr\/urun\/ikili-pisirme-bandi-konveyor-tel-bant\/","title":{"rendered":"\u0130kili Pi\u015firme Band\u0131 Konvey\u00f6r Tel bant"},"content":{"rendered":"[vc_row][vc_column][vc_column_text]\n<div class=\"JQ18Hc MUxGbd v0nnCb lyLwlc aLF0Z OSrXXb\" role=\"listitem\">Tel bant Nedir?<\/div>\n<div class=\"MUxGbd yDYNvb lyLwlc aLF0Z OSrXXb\">Tel Bant \u00dcr\u00fcnleri Nedir? Telbant Ne Kadar Uzun \u00d6m\u00fcrl\u00fc?<\/div>\n[\/vc_column_text][\/vc_column][\/vc_row]\n","protected":false},"excerpt":{"rendered":"<div class=\"MhgNwc\">\n<div role=\"listitem\">\n<div class=\"row\">\n<div class=\"small-12 columns\">\n<div class=\"page-title\">\n<h1>\u0130kili Pi\u015firme Band\u0131<\/h1>\n<\/div>\n<\/div>\n<\/div>\n<\/div>\n<div class=\"JQ18Hc MUxGbd v0nnCb lyLwlc aLF0Z OSrXXb\" role=\"listitem\">Tel bant Nedir?<\/div>\n<div class=\"MUxGbd yDYNvb lyLwlc aLF0Z OSrXXb\">Tel Bant \u00dcr\u00fcnleri Nedir? Telbant Ne Kadar Uzun \u00d6m\u00fcrl\u00fc?<\/div>\n<\/div>\n","protected":false},"featured_media":209,"comment_status":"open","ping_status":"closed","template":"","meta":[],"product_brand":[],"product_cat":[161,95],"product_tag":[93,97,198,189,130,169],"class_list":{"0":"post-745","1":"product","2":"type-product","3":"status-publish","4":"has-post-thumbnail","6":"product_cat-ikili-pisirme-bandi","7":"product_cat-konveyor-bant","8":"product_tag-brown","9":"product_tag-cotton","10":"product_tag-ikili-pisirme-bandi","11":"product_tag-konveyor-tel-bant","12":"product_tag-needsupply","13":"product_tag-tshirt","15":"first","16":"instock","17":"shipping-taxable","18":"product-type-simple"},"_links":{"self":[{"href":"https:\/\/www.telorbant.com\/tr\/wp-json\/wp\/v2\/product\/745","targetHints":{"allow":["GET"]}}],"collection":[{"href":"https:\/\/www.telorbant.com\/tr\/wp-json\/wp\/v2\/product"}],"about":[{"href":"https:\/\/www.telorbant.com\/tr\/wp-json\/wp\/v2\/types\/product"}],"replies":[{"embeddable":true,"href":"https:\/\/www.telorbant.com\/tr\/wp-json\/wp\/v2\/comments?post=745"}],"wp:featuredmedia":[{"embeddable":true,"href":"https:\/\/www.telorbant.com\/tr\/wp-json\/wp\/v2\/media\/209"}],"wp:attachment":[{"href":"https:\/\/www.telorbant.com\/tr\/wp-json\/wp\/v2\/media?parent=745"}],"wp:term":[{"taxonomy":"product_brand","embeddable":true,"href":"https:\/\/www.telorbant.com\/tr\/wp-json\/wp\/v2\/product_brand?post=745"},{"taxonomy":"product_cat","embeddable":true,"href":"https:\/\/www.telorbant.com\/tr\/wp-json\/wp\/v2\/product_cat?post=745"},{"taxonomy":"product_tag","embeddable":true,"href":"https:\/\/www.telorbant.com\/tr\/wp-json\/wp\/v2\/product_tag?post=745"}],"curies":[{"name":"wp","href":"https:\/\/api.w.org\/{rel}","templated":true}]}}