{"id":751,"date":"2020-02-06T19:48:12","date_gmt":"2020-02-06T19:48:12","guid":{"rendered":"http:\/\/peakshops.fuelthemes.net\/peakshops-ppe\/?post_type=product&#038;p=204"},"modified":"2023-07-30T04:30:28","modified_gmt":"2023-07-30T01:30:28","slug":"konveyor-tel-bant-10","status":"publish","type":"product","link":"https:\/\/www.telorbant.com\/tr\/urun\/konveyor-tel-bant-10\/","title":{"rendered":"Konveyor Tel Bant"},"content":{"rendered":"[vc_row][vc_column][vc_column_text]Konveyor Tel Bant Konvey\u00f6rtel <em>Tel Bant<\/em> ihtiya\u00e7lar\u0131n\u0131z i\u00e7in size \u00f6zel teklif al\u0131n! Geni\u015f \u00fcr\u00fcn yelpazemiz ile her telbant sekt\u00f6r\u00fcnde size \u00f6zel <em>tel bant<\/em>[\/vc_column_text][\/vc_column][\/vc_row]\n","protected":false},"excerpt":{"rendered":"<p>Konvey\u00f6rtel <em>Tel Bant<\/em> ihtiya\u00e7lar\u0131n\u0131z i\u00e7in size \u00f6zel teklif al\u0131n! Geni\u015f \u00fcr\u00fcn yelpazemiz ile her telbant sekt\u00f6r\u00fcnde size \u00f6zel <em>tel bant<\/em><\/p>\n","protected":false},"featured_media":320,"comment_status":"open","ping_status":"closed","template":"","meta":[],"product_brand":[],"product_cat":[104,146,131],"product_tag":[90,92,189,171],"class_list":{"0":"post-751","1":"product","2":"type-product","3":"status-publish","4":"has-post-thumbnail","6":"product_cat-elyaf-bandi","7":"product_cat-seker-ve-biskuvi-pisirme-bandi","8":"product_cat-sogutma-tel-bandi","9":"product_tag-blue","10":"product_tag-bottle","11":"product_tag-konveyor-tel-bant","12":"product_tag-water","14":"first","15":"instock","16":"shipping-taxable","17":"product-type-simple"},"_links":{"self":[{"href":"https:\/\/www.telorbant.com\/tr\/wp-json\/wp\/v2\/product\/751","targetHints":{"allow":["GET"]}}],"collection":[{"href":"https:\/\/www.telorbant.com\/tr\/wp-json\/wp\/v2\/product"}],"about":[{"href":"https:\/\/www.telorbant.com\/tr\/wp-json\/wp\/v2\/types\/product"}],"replies":[{"embeddable":true,"href":"https:\/\/www.telorbant.com\/tr\/wp-json\/wp\/v2\/comments?post=751"}],"wp:featuredmedia":[{"embeddable":true,"href":"https:\/\/www.telorbant.com\/tr\/wp-json\/wp\/v2\/media\/320"}],"wp:attachment":[{"href":"https:\/\/www.telorbant.com\/tr\/wp-json\/wp\/v2\/media?parent=751"}],"wp:term":[{"taxonomy":"product_brand","embeddable":true,"href":"https:\/\/www.telorbant.com\/tr\/wp-json\/wp\/v2\/product_brand?post=751"},{"taxonomy":"product_cat","embeddable":true,"href":"https:\/\/www.telorbant.com\/tr\/wp-json\/wp\/v2\/product_cat?post=751"},{"taxonomy":"product_tag","embeddable":true,"href":"https:\/\/www.telorbant.com\/tr\/wp-json\/wp\/v2\/product_tag?post=751"}],"curies":[{"name":"wp","href":"https:\/\/api.w.org\/{rel}","templated":true}]}}