{"id":753,"date":"2020-02-06T19:57:05","date_gmt":"2020-02-06T19:57:05","guid":{"rendered":"http:\/\/peakshops.fuelthemes.net\/peakshops-ppe\/?post_type=product&#038;p=212"},"modified":"2023-07-30T04:28:58","modified_gmt":"2023-07-30T01:28:58","slug":"konveyor-tel-bant-9","status":"publish","type":"product","link":"https:\/\/www.telorbant.com\/tr\/urun\/konveyor-tel-bant-9\/","title":{"rendered":"Konveyor Tel Bant"},"content":{"rendered":"[vc_row][vc_column][vc_column_text]Konveyor Tel Bant \u00d6rg\u00fc <em>tel<\/em> bantlar ambalajlama, transfer, ta\u015f\u0131ma, tavlama, \u0131s\u0131l i\u015flem, pi\u015firme, &#8230; g\u00f6re do\u011fru tipte <em>konvey\u00f6r<\/em> band\u0131[\/vc_column_text][\/vc_column][\/vc_row]\n","protected":false},"excerpt":{"rendered":"<p>Konveyor Tel Bant \u00d6rg\u00fc <em>tel<\/em> bantlar ambalajlama, transfer, ta\u015f\u0131ma, tavlama, \u0131s\u0131l i\u015flem, pi\u015firme, &#8230; g\u00f6re do\u011fru tipte <em>konvey\u00f6r<\/em> band\u0131<\/p>\n","protected":false},"featured_media":1393,"comment_status":"open","ping_status":"closed","template":"","meta":[],"product_brand":[],"product_cat":[161,146,131],"product_tag":[85,189,127,153],"class_list":{"0":"post-753","1":"product","2":"type-product","3":"status-publish","4":"has-post-thumbnail","6":"product_cat-ikili-pisirme-bandi","7":"product_cat-seker-ve-biskuvi-pisirme-bandi","8":"product_cat-sogutma-tel-bandi","9":"product_tag-bag","10":"product_tag-konveyor-tel-bant","11":"product_tag-mini","12":"product_tag-square","14":"first","15":"instock","16":"shipping-taxable","17":"product-type-simple"},"_links":{"self":[{"href":"https:\/\/www.telorbant.com\/tr\/wp-json\/wp\/v2\/product\/753","targetHints":{"allow":["GET"]}}],"collection":[{"href":"https:\/\/www.telorbant.com\/tr\/wp-json\/wp\/v2\/product"}],"about":[{"href":"https:\/\/www.telorbant.com\/tr\/wp-json\/wp\/v2\/types\/product"}],"replies":[{"embeddable":true,"href":"https:\/\/www.telorbant.com\/tr\/wp-json\/wp\/v2\/comments?post=753"}],"wp:featuredmedia":[{"embeddable":true,"href":"https:\/\/www.telorbant.com\/tr\/wp-json\/wp\/v2\/media\/1393"}],"wp:attachment":[{"href":"https:\/\/www.telorbant.com\/tr\/wp-json\/wp\/v2\/media?parent=753"}],"wp:term":[{"taxonomy":"product_brand","embeddable":true,"href":"https:\/\/www.telorbant.com\/tr\/wp-json\/wp\/v2\/product_brand?post=753"},{"taxonomy":"product_cat","embeddable":true,"href":"https:\/\/www.telorbant.com\/tr\/wp-json\/wp\/v2\/product_cat?post=753"},{"taxonomy":"product_tag","embeddable":true,"href":"https:\/\/www.telorbant.com\/tr\/wp-json\/wp\/v2\/product_tag?post=753"}],"curies":[{"name":"wp","href":"https:\/\/api.w.org\/{rel}","templated":true}]}}