{"id":754,"date":"2020-02-06T20:13:40","date_gmt":"2020-02-06T20:13:40","guid":{"rendered":"http:\/\/peakshops.fuelthemes.net\/peakshops-ppe\/?post_type=product&#038;p=216"},"modified":"2023-07-30T04:27:10","modified_gmt":"2023-07-30T01:27:10","slug":"konveyor-tel-bant-8","status":"publish","type":"product","link":"https:\/\/www.telorbant.com\/tr\/urun\/konveyor-tel-bant-8\/","title":{"rendered":"Konveyor Tel Bant"},"content":{"rendered":"[vc_row][vc_column][vc_column_text]Konveyor Tel Bant bilgi, tecr\u00fcbe ve deneyimlerimizi ileri teknoloji ve m\u00fchendislik bak\u0131\u015f a\u00e7\u0131s\u0131 ile birle\u015ftirerek <em>konvey\u00f6r<\/em> sistemleri ve <em>tel bant<\/em>[\/vc_column_text][\/vc_column][\/vc_row]\n","protected":false},"excerpt":{"rendered":"<p>Konveyor Tel Bant bilgi, tecr\u00fcbe ve deneyimlerimizi ileri teknoloji ve m\u00fchendislik bak\u0131\u015f a\u00e7\u0131s\u0131 ile birle\u015ftirerek <em>konvey\u00f6r<\/em> sistemleri ve <em>tel bant<\/em><\/p>\n","protected":false},"featured_media":1395,"comment_status":"open","ping_status":"closed","template":"","meta":[],"product_brand":[],"product_cat":[161,146,131,110],"product_tag":[85,90,152,190,179],"class_list":{"0":"post-754","1":"product","2":"type-product","3":"status-publish","4":"has-post-thumbnail","6":"product_cat-ikili-pisirme-bandi","7":"product_cat-seker-ve-biskuvi-pisirme-bandi","8":"product_cat-sogutma-tel-bandi","9":"product_cat-tel-bant","10":"product_tag-bag","11":"product_tag-blue","12":"product_tag-small","13":"product_tag-tel-bant","14":"product_tag-zara","16":"first","17":"instock","18":"shipping-taxable","19":"product-type-grouped"},"_links":{"self":[{"href":"https:\/\/www.telorbant.com\/tr\/wp-json\/wp\/v2\/product\/754","targetHints":{"allow":["GET"]}}],"collection":[{"href":"https:\/\/www.telorbant.com\/tr\/wp-json\/wp\/v2\/product"}],"about":[{"href":"https:\/\/www.telorbant.com\/tr\/wp-json\/wp\/v2\/types\/product"}],"replies":[{"embeddable":true,"href":"https:\/\/www.telorbant.com\/tr\/wp-json\/wp\/v2\/comments?post=754"}],"wp:featuredmedia":[{"embeddable":true,"href":"https:\/\/www.telorbant.com\/tr\/wp-json\/wp\/v2\/media\/1395"}],"wp:attachment":[{"href":"https:\/\/www.telorbant.com\/tr\/wp-json\/wp\/v2\/media?parent=754"}],"wp:term":[{"taxonomy":"product_brand","embeddable":true,"href":"https:\/\/www.telorbant.com\/tr\/wp-json\/wp\/v2\/product_brand?post=754"},{"taxonomy":"product_cat","embeddable":true,"href":"https:\/\/www.telorbant.com\/tr\/wp-json\/wp\/v2\/product_cat?post=754"},{"taxonomy":"product_tag","embeddable":true,"href":"https:\/\/www.telorbant.com\/tr\/wp-json\/wp\/v2\/product_tag?post=754"}],"curies":[{"name":"wp","href":"https:\/\/api.w.org\/{rel}","templated":true}]}}