{"id":755,"date":"2020-02-06T20:22:52","date_gmt":"2020-02-06T20:22:52","guid":{"rendered":"http:\/\/peakshops.fuelthemes.net\/peakshops-ppe\/?post_type=product&#038;p=221"},"modified":"2023-07-30T04:25:13","modified_gmt":"2023-07-30T01:25:13","slug":"konveyor-tel-bant-7","status":"publish","type":"product","link":"https:\/\/www.telorbant.com\/tr\/urun\/konveyor-tel-bant-7\/","title":{"rendered":"Konveyor Tel Bant"},"content":{"rendered":"[vc_row][vc_column][vc_column_text]Konveyor Tel Bant<\/p>\n<p><em>Tel bant<\/em>, demir telin belirli bir d\u00fczenle \u015fekillendirilip \u00f6r\u00fclmesiyle olu\u015fan, genellikle y\u00fck ta\u015f\u0131yan <em>konvey\u00f6r<\/em> makinelerinde tercih edilen bir t\u00fcr metal bantt\u0131r.[\/vc_column_text][\/vc_column][\/vc_row]\n","protected":false},"excerpt":{"rendered":"<p>Konveyor Tel Bant<\/p>\n","protected":false},"featured_media":225,"comment_status":"open","ping_status":"closed","template":"","meta":[],"product_brand":[],"product_cat":[161,126],"product_tag":[101,189,143,144],"class_list":{"0":"post-755","1":"product","2":"type-product","3":"status-publish","4":"has-post-thumbnail","6":"product_cat-ikili-pisirme-bandi","7":"product_cat-sac-band","8":"product_tag-dress","9":"product_tag-konveyor-tel-bant","10":"product_tag-red","11":"product_tag-ribbed","13":"first","14":"instock","15":"shipping-taxable","16":"product-type-simple"},"_links":{"self":[{"href":"https:\/\/www.telorbant.com\/tr\/wp-json\/wp\/v2\/product\/755","targetHints":{"allow":["GET"]}}],"collection":[{"href":"https:\/\/www.telorbant.com\/tr\/wp-json\/wp\/v2\/product"}],"about":[{"href":"https:\/\/www.telorbant.com\/tr\/wp-json\/wp\/v2\/types\/product"}],"replies":[{"embeddable":true,"href":"https:\/\/www.telorbant.com\/tr\/wp-json\/wp\/v2\/comments?post=755"}],"wp:featuredmedia":[{"embeddable":true,"href":"https:\/\/www.telorbant.com\/tr\/wp-json\/wp\/v2\/media\/225"}],"wp:attachment":[{"href":"https:\/\/www.telorbant.com\/tr\/wp-json\/wp\/v2\/media?parent=755"}],"wp:term":[{"taxonomy":"product_brand","embeddable":true,"href":"https:\/\/www.telorbant.com\/tr\/wp-json\/wp\/v2\/product_brand?post=755"},{"taxonomy":"product_cat","embeddable":true,"href":"https:\/\/www.telorbant.com\/tr\/wp-json\/wp\/v2\/product_cat?post=755"},{"taxonomy":"product_tag","embeddable":true,"href":"https:\/\/www.telorbant.com\/tr\/wp-json\/wp\/v2\/product_tag?post=755"}],"curies":[{"name":"wp","href":"https:\/\/api.w.org\/{rel}","templated":true}]}}